{"id":5678,"date":"2020-08-26T18:54:50","date_gmt":"2020-08-26T21:54:50","guid":{"rendered":"http:\/\/www.leold2.com\/site\/?page_id=5678"},"modified":"2020-08-26T20:05:07","modified_gmt":"2020-08-26T23:05:07","slug":"conferencia","status":"publish","type":"page","link":"http:\/\/www.leold2.com\/site\/eventos\/conferencia\/","title":{"rendered":"Confer\u00eancia Distrital"},"content":{"rendered":"<p>Um dos eventos oficiais do Distrito LEO LD-2, registra o encerramento e o in\u00edcio de um novo AL (ano leo\u00edstico, de junho \u00e1 julho do ano seguinte). \u00c9 um evento cheio de emo\u00e7\u00f5es, onde os novos representantes s\u00e3o escolhidos e os antigos se despedem. <\/p>\n<p>Tamb\u00e9m \u00e9 onde ocorrem as apresenta\u00e7\u00f5es art\u00edsticas dos companheiros que competem entre s\u00ed representando seus clubes dentro do Distrito em diversas categorias. Os ganhadores de cada categoria s\u00e3o escolhidos para representar o D2 em n\u00edvel de DM (Distrito M\u00faltiplo).<\/p>\n\n\n<div class=\"ngg-galleryoverview ngg-slideshow\"\n\t id=\"ngg-slideshow-aa9781f44ada0fc3982802c6ba5c1759-5768310210\"\n     data-gallery-id=\"aa9781f44ada0fc3982802c6ba5c1759\"\n     style=\"max-width: 600px; max-height: 400px;\">\n\n \t<div id=\"ngg-image-0\" class=\"ngg-gallery-slideshow-image\" style=\"height:400px\">\n\n        <a href=\"http:\/\/www.leold2.com\/site\/wp-content\/gallery\/conferencia\/CONFE.jpg\"\n           title=\"\"\n           data-src=\"http:\/\/www.leold2.com\/site\/wp-content\/gallery\/conferencia\/CONFE.jpg\"\n           data-thumbnail=\"http:\/\/www.leold2.com\/site\/wp-content\/gallery\/conferencia\/thumbs\/thumbs_CONFE.jpg\"\n           data-image-id=\"7\"\n           data-title=\"CONFE\"\n           data-description=\"\"\n           class=\"ngg-fancybox\" rel=\"aa9781f44ada0fc3982802c6ba5c1759\">\n\n            <img data-image-id='7'\n                 title=\"\"\n                 alt=\"CONFE\"\n                 src=\"http:\/\/www.leold2.com\/site\/wp-content\/gallery\/conferencia\/CONFE.jpg\"\n                 style=\"max-height: 380px;\"\/>\n        <\/a>\n\n        <\/div> \n<div id=\"ngg-image-1\" class=\"ngg-gallery-slideshow-image\" style=\"height:400px\">\n\n        <a href=\"http:\/\/www.leold2.com\/site\/wp-content\/gallery\/conferencia\/CONFE-3.jpg\"\n           title=\"\"\n           data-src=\"http:\/\/www.leold2.com\/site\/wp-content\/gallery\/conferencia\/CONFE-3.jpg\"\n           data-thumbnail=\"http:\/\/www.leold2.com\/site\/wp-content\/gallery\/conferencia\/thumbs\/thumbs_CONFE-3.jpg\"\n           data-image-id=\"8\"\n           data-title=\"CONFE 3\"\n           data-description=\"\"\n           class=\"ngg-fancybox\" rel=\"aa9781f44ada0fc3982802c6ba5c1759\">\n\n            <img data-image-id='8'\n                 title=\"\"\n                 alt=\"CONFE 3\"\n                 src=\"http:\/\/www.leold2.com\/site\/wp-content\/gallery\/conferencia\/CONFE-3.jpg\"\n                 style=\"max-height: 380px;\"\/>\n        <\/a>\n\n        <\/div> \n<div id=\"ngg-image-2\" class=\"ngg-gallery-slideshow-image\" style=\"height:400px\">\n\n        <a href=\"http:\/\/www.leold2.com\/site\/wp-content\/gallery\/conferencia\/CONFE-0.jpg\"\n           title=\"\"\n           data-src=\"http:\/\/www.leold2.com\/site\/wp-content\/gallery\/conferencia\/CONFE-0.jpg\"\n           data-thumbnail=\"http:\/\/www.leold2.com\/site\/wp-content\/gallery\/conferencia\/thumbs\/thumbs_CONFE-0.jpg\"\n           data-image-id=\"9\"\n           data-title=\"CONFE-0\"\n           data-description=\"\"\n           class=\"ngg-fancybox\" rel=\"aa9781f44ada0fc3982802c6ba5c1759\">\n\n            <img data-image-id='9'\n                 title=\"\"\n                 alt=\"CONFE-0\"\n                 src=\"http:\/\/www.leold2.com\/site\/wp-content\/gallery\/conferencia\/CONFE-0.jpg\"\n                 style=\"max-height: 380px;\"\/>\n        <\/a>\n\n        <\/div> \n<\/div>\n\n\n\n\n<div style=\"text-align: center;\" >\n<div style=\"display: inline-block;\" >\n\n<div class=\"ngg-galleryoverview\" id=\"ngg-gallery-0c48675ae9305db6284eb8c27720bcb6-5678\">\n\n\n\t<!-- Thumbnails -->\n    \t\t\n\t<div id=\"ngg-image-7\" class=\"ngg-gallery-thumbnail-box\"  >\n\t\t<div class=\"ngg-gallery-thumbnail\" >\n\t\t\t<a href=\"http:\/\/www.leold2.com\/site\/wp-content\/gallery\/conferencia\/CONFE.jpg\"\n               title=\" \"\n               class=\"ngg-fancybox\" rel=\"0c48675ae9305db6284eb8c27720bcb6\" data-image-id=\"7\" data-src=\"http:\/\/www.leold2.com\/site\/wp-content\/gallery\/conferencia\/CONFE.jpg\" data-thumbnail=\"http:\/\/www.leold2.com\/site\/wp-content\/gallery\/conferencia\/thumbs\/thumbs_CONFE.jpg\" data-title=\"CONFE\" data-description=\" \" >\n\t\t\t\t\t\t\t\t<img title=\"CONFE\" alt=\"CONFE\" src=\"http:\/\/www.leold2.com\/site\/wp-content\/gallery\/conferencia\/thumbs\/thumbs_CONFE.jpg\" width='240' height='160' \/>\n\t\t\t\t\t\t\t<\/a>\n\t\t<\/div>\n\t<\/div>\n\n            \n \t\t\n\t<div id=\"ngg-image-8\" class=\"ngg-gallery-thumbnail-box\"  >\n\t\t<div class=\"ngg-gallery-thumbnail\" >\n\t\t\t<a href=\"http:\/\/www.leold2.com\/site\/wp-content\/gallery\/conferencia\/CONFE-3.jpg\"\n               title=\" \"\n               class=\"ngg-fancybox\" rel=\"0c48675ae9305db6284eb8c27720bcb6\" data-image-id=\"8\" data-src=\"http:\/\/www.leold2.com\/site\/wp-content\/gallery\/conferencia\/CONFE-3.jpg\" data-thumbnail=\"http:\/\/www.leold2.com\/site\/wp-content\/gallery\/conferencia\/thumbs\/thumbs_CONFE-3.jpg\" data-title=\"CONFE 3\" data-description=\" \" >\n\t\t\t\t\t\t\t\t<img title=\"CONFE 3\" alt=\"CONFE 3\" src=\"http:\/\/www.leold2.com\/site\/wp-content\/gallery\/conferencia\/thumbs\/thumbs_CONFE-3.jpg\" width='240' height='160' \/>\n\t\t\t\t\t\t\t<\/a>\n\t\t<\/div>\n\t<\/div>\n\n            \n \t\t\n\t<div id=\"ngg-image-9\" class=\"ngg-gallery-thumbnail-box\"  >\n\t\t<div class=\"ngg-gallery-thumbnail\" >\n\t\t\t<a href=\"http:\/\/www.leold2.com\/site\/wp-content\/gallery\/conferencia\/CONFE-0.jpg\"\n               title=\" \"\n               class=\"ngg-fancybox\" rel=\"0c48675ae9305db6284eb8c27720bcb6\" data-image-id=\"9\" data-src=\"http:\/\/www.leold2.com\/site\/wp-content\/gallery\/conferencia\/CONFE-0.jpg\" data-thumbnail=\"http:\/\/www.leold2.com\/site\/wp-content\/gallery\/conferencia\/thumbs\/thumbs_CONFE-0.jpg\" data-title=\"CONFE-0\" data-description=\" \" >\n\t\t\t\t\t\t\t\t<img title=\"CONFE-0\" alt=\"CONFE-0\" src=\"http:\/\/www.leold2.com\/site\/wp-content\/gallery\/conferencia\/thumbs\/thumbs_CONFE-0.jpg\" width='240' height='160' \/>\n\t\t\t\t\t\t\t<\/a>\n\t\t<\/div>\n\t<\/div>\n\n            \n \t \t\n\t<!-- Pagination -->\n \t<div class='ngg-clear'><\/div> \t\n<\/div>\n\n\n<\/div>\n<\/div>\n<div id=\"sgmbShare1-1\" class=\"sgmbShare jssocials-theme-classic sgmbWidget1-1\"><\/div><div class=\"dropdownWrapper dropdownWrapper1 dropdownWrapper-for-widget \" id=\"dropdownWrapper-for-widget\">\r\n\t\t\t\t\t\t<div class=\"dropdownLabel\" id=\"dropdownLabel-share-list\"><span class=\"sgmbButtonListLabel1\">Share List<\/span><\/div>\r\n\t\t\t\t\t\t<div class=\"dropdownPanel dropdownPanel1-1\">\r\n\t\t\t\t\t\t<\/div>\r\n\t\t\t\t\t<\/div><script>  SGMB_URL = \"http:\/\/www.leold2.com\/site\/wp-content\/plugins\/social-media-builder\/\"; jQuery(\".dropdownWrapper\").hide(); SGMB_GOOGLE_ACOUNT = \"\"; <\/script><script type=\"text\/javascript\">\r\n\t\tjQuery(document).ready(function($){var widget = new SGMBWidget();widget.show({\"id\":\"1\",\"title\":\"Principal\",\"options\":{\"currentUrl\":\"1\",\"url\":\"\",\"fontSize\":\"12\",\"theme\":\"classic\",\"buttonsPosition\":\"\",\"socialTheme\":\"\",\"icon\":\"default\",\"buttonsPanelEffect\":\"bounce\",\"buttonsEffect\":\"No Effect\",\"iconsEffect\":\"flip\",\"buttons\":\"{\\\"facebook\\\":{\\\"label\\\":\\\"Compartilhar\\\",\\\"icon\\\":\\\"default-facebook\\\"},\\\"twitter\\\":{\\\"label\\\":\\\"Tweet\\\",\\\"icon\\\":\\\"default-twitter\\\",\\\"via\\\":\\\"\\\",\\\"hashtags\\\":\\\"#leoclub\\\"},\\\"googleplus\\\":{\\\"label\\\":\\\"+1\\\",\\\"icon\\\":\\\"default-googleplus\\\"},\\\"linkedin\\\":{\\\"label\\\":\\\"Compartilhar\\\",\\\"icon\\\":\\\"default-linkedin\\\"},\\\"email\\\":{\\\"label\\\":\\\"e-mail\\\",\\\"icon\\\":\\\"default-email\\\"}}\",\"roundButton\":\"\",\"showLabels\":\"\",\"showCounts\":\"\",\"showButtonsAsList\":\"\",\"setButtonsPosition\":\"\",\"sgmbDropdownColor\":\"\",\"sgmbDropdownLabelFontSize\":\"14\",\"sgmbDropdownLabelColor\":\"\",\"showButtonsOnEveryPost\":\"\",\"sgmbPostionOnEveryPost\":\"Left\",\"textOnEveryPost\":\"ola\",\"showButtonsOnMobileDirect\":\"on\"},\"buttonOptions\":{\"facebook\":{\"label\":\"Compartilhar\",\"icon\":\"default-facebook\"},\"twitter\":{\"label\":\"Tweet\",\"icon\":\"default-twitter\",\"via\":\"\",\"hashtags\":\"#leoclub\"},\"googleplus\":{\"label\":\"+1\",\"icon\":\"default-googleplus\"},\"linkedin\":{\"label\":\"Compartilhar\",\"icon\":\"default-linkedin\"},\"email\":{\"label\":\"e-mail\",\"icon\":\"default-email\"}},\"button\":[\"facebook\",\"twitter\",\"googleplus\",\"linkedin\",\"email\"]}, 1, '', 'http:\/\/www.leold2.com\/site\/wp-content\/plugins\/social-media-builder\/\/img\/no-image.png', '', 'http:\/\/www.leold2.com\/site\/eventos\/conferencia\/'); });<\/script>\n","protected":false},"excerpt":{"rendered":"<p>Um dos eventos oficiais do Distrito LEO LD-2, registra o encerramento e o in\u00edcio de um novo AL (ano leo\u00edstico, de junho \u00e1 julho do ano seguinte). \u00c9 um evento cheio de emo\u00e7\u00f5es, onde os novos representantes s\u00e3o escolhidos e os antigos se despedem. Tamb\u00e9m \u00e9 onde ocorrem as apresenta\u00e7\u00f5es art\u00edsticas dos companheiros que competem <a href=\"http:\/\/www.leold2.com\/site\/eventos\/conferencia\/\" rel=\"nofollow\"><span class=\"sr-only\">Read more about Confer\u00eancia Distrital<\/span>[&hellip;]<\/a><\/p>\n","protected":false},"author":1,"featured_media":0,"parent":528,"menu_order":0,"comment_status":"closed","ping_status":"closed","template":"template-fullwidth.php","meta":{"_mi_skip_tracking":false,"ngg_post_thumbnail":0},"_links":{"self":[{"href":"http:\/\/www.leold2.com\/site\/wp-json\/wp\/v2\/pages\/5678"}],"collection":[{"href":"http:\/\/www.leold2.com\/site\/wp-json\/wp\/v2\/pages"}],"about":[{"href":"http:\/\/www.leold2.com\/site\/wp-json\/wp\/v2\/types\/page"}],"author":[{"embeddable":true,"href":"http:\/\/www.leold2.com\/site\/wp-json\/wp\/v2\/users\/1"}],"replies":[{"embeddable":true,"href":"http:\/\/www.leold2.com\/site\/wp-json\/wp\/v2\/comments?post=5678"}],"version-history":[{"count":8,"href":"http:\/\/www.leold2.com\/site\/wp-json\/wp\/v2\/pages\/5678\/revisions"}],"predecessor-version":[{"id":5749,"href":"http:\/\/www.leold2.com\/site\/wp-json\/wp\/v2\/pages\/5678\/revisions\/5749"}],"up":[{"embeddable":true,"href":"http:\/\/www.leold2.com\/site\/wp-json\/wp\/v2\/pages\/528"}],"wp:attachment":[{"href":"http:\/\/www.leold2.com\/site\/wp-json\/wp\/v2\/media?parent=5678"}],"curies":[{"name":"wp","href":"https:\/\/api.w.org\/{rel}","templated":true}]}}