{"id":5676,"date":"2020-08-26T18:53:37","date_gmt":"2020-08-26T21:53:37","guid":{"rendered":"http:\/\/www.leold2.com\/site\/?page_id=5676"},"modified":"2020-08-26T19:55:18","modified_gmt":"2020-08-26T22:55:18","slug":"acampaleo","status":"publish","type":"page","link":"http:\/\/www.leold2.com\/site\/eventos\/acampaleo\/","title":{"rendered":"Acampa LEO"},"content":{"rendered":"<p>Como o pr\u00f3prio nome sugere, \u00e9 o acampamento do LEO, outros dos eventos oficiais do Distrito LEO LD-2, e tem como objetivo a integra\u00e7\u00e3o entre companheiros e clubes por meio de gincanas e din\u00e2micas em grupo. Tudo claro, em meio a natureza. <\/p>\n<p>O evento acaba por trazer um fortalecimento dos la\u00e7os de companheirismo e amizade entre os associados e visitantes do LEO j\u00e1 que ele, por sua vez, \u00e9 mais recluso e tem o uso de tecnologias mais limitado.<\/p>\n\n\n<div class=\"ngg-galleryoverview ngg-slideshow\"\n\t id=\"ngg-slideshow-7306adad919edbc6b9941a2b75e4d1c5-11276439720\"\n     data-gallery-id=\"7306adad919edbc6b9941a2b75e4d1c5\"\n     style=\"max-width: 600px; max-height: 400px;\">\n\n \t<div id=\"ngg-image-0\" class=\"ngg-gallery-slideshow-image\" style=\"height:400px\">\n\n        <a href=\"http:\/\/www.leold2.com\/site\/wp-content\/gallery\/acampaleo\/ACAMPA-2.jpg\"\n           title=\"\"\n           data-src=\"http:\/\/www.leold2.com\/site\/wp-content\/gallery\/acampaleo\/ACAMPA-2.jpg\"\n           data-thumbnail=\"http:\/\/www.leold2.com\/site\/wp-content\/gallery\/acampaleo\/thumbs\/thumbs_ACAMPA-2.jpg\"\n           data-image-id=\"2\"\n           data-title=\"ACAMPA 2\"\n           data-description=\"\"\n           class=\"ngg-fancybox\" rel=\"7306adad919edbc6b9941a2b75e4d1c5\">\n\n            <img data-image-id='2'\n                 title=\"\"\n                 alt=\"ACAMPA 2\"\n                 src=\"http:\/\/www.leold2.com\/site\/wp-content\/gallery\/acampaleo\/ACAMPA-2.jpg\"\n                 style=\"max-height: 380px;\"\/>\n        <\/a>\n\n        <\/div> \n<div id=\"ngg-image-1\" class=\"ngg-gallery-slideshow-image\" style=\"height:400px\">\n\n        <a href=\"http:\/\/www.leold2.com\/site\/wp-content\/gallery\/acampaleo\/ACAMPA-3.jpg\"\n           title=\"\"\n           data-src=\"http:\/\/www.leold2.com\/site\/wp-content\/gallery\/acampaleo\/ACAMPA-3.jpg\"\n           data-thumbnail=\"http:\/\/www.leold2.com\/site\/wp-content\/gallery\/acampaleo\/thumbs\/thumbs_ACAMPA-3.jpg\"\n           data-image-id=\"3\"\n           data-title=\"ACAMPA 3\"\n           data-description=\"\"\n           class=\"ngg-fancybox\" rel=\"7306adad919edbc6b9941a2b75e4d1c5\">\n\n            <img data-image-id='3'\n                 title=\"\"\n                 alt=\"ACAMPA 3\"\n                 src=\"http:\/\/www.leold2.com\/site\/wp-content\/gallery\/acampaleo\/ACAMPA-3.jpg\"\n                 style=\"max-height: 380px;\"\/>\n        <\/a>\n\n        <\/div> \n<div id=\"ngg-image-2\" class=\"ngg-gallery-slideshow-image\" style=\"height:400px\">\n\n        <a href=\"http:\/\/www.leold2.com\/site\/wp-content\/gallery\/acampaleo\/ACAMPA-4.jpg\"\n           title=\"\"\n           data-src=\"http:\/\/www.leold2.com\/site\/wp-content\/gallery\/acampaleo\/ACAMPA-4.jpg\"\n           data-thumbnail=\"http:\/\/www.leold2.com\/site\/wp-content\/gallery\/acampaleo\/thumbs\/thumbs_ACAMPA-4.jpg\"\n           data-image-id=\"4\"\n           data-title=\"ACAMPA 4\"\n           data-description=\"\"\n           class=\"ngg-fancybox\" rel=\"7306adad919edbc6b9941a2b75e4d1c5\">\n\n            <img data-image-id='4'\n                 title=\"\"\n                 alt=\"ACAMPA 4\"\n                 src=\"http:\/\/www.leold2.com\/site\/wp-content\/gallery\/acampaleo\/ACAMPA-4.jpg\"\n                 style=\"max-height: 380px;\"\/>\n        <\/a>\n\n        <\/div> \n<div id=\"ngg-image-3\" class=\"ngg-gallery-slideshow-image\" style=\"height:400px\">\n\n        <a href=\"http:\/\/www.leold2.com\/site\/wp-content\/gallery\/acampaleo\/ACAMPA-5.jpg\"\n           title=\"\"\n           data-src=\"http:\/\/www.leold2.com\/site\/wp-content\/gallery\/acampaleo\/ACAMPA-5.jpg\"\n           data-thumbnail=\"http:\/\/www.leold2.com\/site\/wp-content\/gallery\/acampaleo\/thumbs\/thumbs_ACAMPA-5.jpg\"\n           data-image-id=\"5\"\n           data-title=\"ACAMPA 5\"\n           data-description=\"\"\n           class=\"ngg-fancybox\" rel=\"7306adad919edbc6b9941a2b75e4d1c5\">\n\n            <img data-image-id='5'\n                 title=\"\"\n                 alt=\"ACAMPA 5\"\n                 src=\"http:\/\/www.leold2.com\/site\/wp-content\/gallery\/acampaleo\/ACAMPA-5.jpg\"\n                 style=\"max-height: 380px;\"\/>\n        <\/a>\n\n        <\/div> \n<div id=\"ngg-image-4\" class=\"ngg-gallery-slideshow-image\" style=\"height:400px\">\n\n        <a href=\"http:\/\/www.leold2.com\/site\/wp-content\/gallery\/acampaleo\/ACAMPA-0.JPG\"\n           title=\"\"\n           data-src=\"http:\/\/www.leold2.com\/site\/wp-content\/gallery\/acampaleo\/ACAMPA-0.JPG\"\n           data-thumbnail=\"http:\/\/www.leold2.com\/site\/wp-content\/gallery\/acampaleo\/thumbs\/thumbs_ACAMPA-0.JPG\"\n           data-image-id=\"6\"\n           data-title=\"ACAMPA-0\"\n           data-description=\"\"\n           class=\"ngg-fancybox\" rel=\"7306adad919edbc6b9941a2b75e4d1c5\">\n\n            <img data-image-id='6'\n                 title=\"\"\n                 alt=\"ACAMPA-0\"\n                 src=\"http:\/\/www.leold2.com\/site\/wp-content\/gallery\/acampaleo\/ACAMPA-0.JPG\"\n                 style=\"max-height: 380px;\"\/>\n        <\/a>\n\n        <\/div> \n<\/div>\n\n\n\n\n\n<div class=\"ngg-galleryoverview\" id=\"ngg-gallery-7f6438e0db1ec5629f92757d72fa4386-5676\">\n\n\n\t<!-- Thumbnails -->\n    \t\t\n\t<div id=\"ngg-image-2\" class=\"ngg-gallery-thumbnail-box\" style=\"width:20%;\" >\n\t\t<div class=\"ngg-gallery-thumbnail\" >\n\t\t\t<a href=\"http:\/\/www.leold2.com\/site\/wp-content\/gallery\/acampaleo\/ACAMPA-2.jpg\"\n               title=\" \"\n               class=\"ngg-fancybox\" rel=\"7f6438e0db1ec5629f92757d72fa4386\" data-image-id=\"2\" data-src=\"http:\/\/www.leold2.com\/site\/wp-content\/gallery\/acampaleo\/ACAMPA-2.jpg\" data-thumbnail=\"http:\/\/www.leold2.com\/site\/wp-content\/gallery\/acampaleo\/thumbs\/thumbs_ACAMPA-2.jpg\" data-title=\"ACAMPA 2\" data-description=\" \" >\n\t\t\t\t\t\t\t\t<img title=\"ACAMPA 2\" alt=\"ACAMPA 2\" src=\"http:\/\/www.leold2.com\/site\/wp-content\/gallery\/acampaleo\/thumbs\/thumbs_ACAMPA-2.jpg\" width='240' height='160' \/>\n\t\t\t\t\t\t\t<\/a>\n\t\t<\/div>\n\t<\/div>\n\n                        \n \t\t\n\t<div id=\"ngg-image-3\" class=\"ngg-gallery-thumbnail-box\" style=\"width:20%;\" >\n\t\t<div class=\"ngg-gallery-thumbnail\" >\n\t\t\t<a href=\"http:\/\/www.leold2.com\/site\/wp-content\/gallery\/acampaleo\/ACAMPA-3.jpg\"\n               title=\" \"\n               class=\"ngg-fancybox\" rel=\"7f6438e0db1ec5629f92757d72fa4386\" data-image-id=\"3\" data-src=\"http:\/\/www.leold2.com\/site\/wp-content\/gallery\/acampaleo\/ACAMPA-3.jpg\" data-thumbnail=\"http:\/\/www.leold2.com\/site\/wp-content\/gallery\/acampaleo\/thumbs\/thumbs_ACAMPA-3.jpg\" data-title=\"ACAMPA 3\" data-description=\" \" >\n\t\t\t\t\t\t\t\t<img title=\"ACAMPA 3\" alt=\"ACAMPA 3\" src=\"http:\/\/www.leold2.com\/site\/wp-content\/gallery\/acampaleo\/thumbs\/thumbs_ACAMPA-3.jpg\" width='240' height='160' \/>\n\t\t\t\t\t\t\t<\/a>\n\t\t<\/div>\n\t<\/div>\n\n                        \n \t\t\n\t<div id=\"ngg-image-4\" class=\"ngg-gallery-thumbnail-box\" style=\"width:20%;\" >\n\t\t<div class=\"ngg-gallery-thumbnail\" >\n\t\t\t<a href=\"http:\/\/www.leold2.com\/site\/wp-content\/gallery\/acampaleo\/ACAMPA-4.jpg\"\n               title=\" \"\n               class=\"ngg-fancybox\" rel=\"7f6438e0db1ec5629f92757d72fa4386\" data-image-id=\"4\" data-src=\"http:\/\/www.leold2.com\/site\/wp-content\/gallery\/acampaleo\/ACAMPA-4.jpg\" data-thumbnail=\"http:\/\/www.leold2.com\/site\/wp-content\/gallery\/acampaleo\/thumbs\/thumbs_ACAMPA-4.jpg\" data-title=\"ACAMPA 4\" data-description=\" \" >\n\t\t\t\t\t\t\t\t<img title=\"ACAMPA 4\" alt=\"ACAMPA 4\" src=\"http:\/\/www.leold2.com\/site\/wp-content\/gallery\/acampaleo\/thumbs\/thumbs_ACAMPA-4.jpg\" width='240' height='160' \/>\n\t\t\t\t\t\t\t<\/a>\n\t\t<\/div>\n\t<\/div>\n\n                        \n \t\t\n\t<div id=\"ngg-image-5\" class=\"ngg-gallery-thumbnail-box\" style=\"width:20%;\" >\n\t\t<div class=\"ngg-gallery-thumbnail\" >\n\t\t\t<a href=\"http:\/\/www.leold2.com\/site\/wp-content\/gallery\/acampaleo\/ACAMPA-5.jpg\"\n               title=\" \"\n               class=\"ngg-fancybox\" rel=\"7f6438e0db1ec5629f92757d72fa4386\" data-image-id=\"5\" data-src=\"http:\/\/www.leold2.com\/site\/wp-content\/gallery\/acampaleo\/ACAMPA-5.jpg\" data-thumbnail=\"http:\/\/www.leold2.com\/site\/wp-content\/gallery\/acampaleo\/thumbs\/thumbs_ACAMPA-5.jpg\" data-title=\"ACAMPA 5\" data-description=\" \" >\n\t\t\t\t\t\t\t\t<img title=\"ACAMPA 5\" alt=\"ACAMPA 5\" src=\"http:\/\/www.leold2.com\/site\/wp-content\/gallery\/acampaleo\/thumbs\/thumbs_ACAMPA-5.jpg\" width='240' height='160' \/>\n\t\t\t\t\t\t\t<\/a>\n\t\t<\/div>\n\t<\/div>\n\n                        \n \t\t\n\t<div id=\"ngg-image-6\" class=\"ngg-gallery-thumbnail-box\" style=\"width:20%;\" >\n\t\t<div class=\"ngg-gallery-thumbnail\" >\n\t\t\t<a href=\"http:\/\/www.leold2.com\/site\/wp-content\/gallery\/acampaleo\/ACAMPA-0.JPG\"\n               title=\" \"\n               class=\"ngg-fancybox\" rel=\"7f6438e0db1ec5629f92757d72fa4386\" data-image-id=\"6\" data-src=\"http:\/\/www.leold2.com\/site\/wp-content\/gallery\/acampaleo\/ACAMPA-0.JPG\" data-thumbnail=\"http:\/\/www.leold2.com\/site\/wp-content\/gallery\/acampaleo\/thumbs\/thumbs_ACAMPA-0.JPG\" data-title=\"ACAMPA-0\" data-description=\" \" >\n\t\t\t\t\t\t\t\t<img title=\"ACAMPA-0\" alt=\"ACAMPA-0\" src=\"http:\/\/www.leold2.com\/site\/wp-content\/gallery\/acampaleo\/thumbs\/thumbs_ACAMPA-0.JPG\" width='240' height='160' \/>\n\t\t\t\t\t\t\t<\/a>\n\t\t<\/div>\n\t<\/div>\n\n                            <br style=\"clear: both\" \/>\n                \n \t \t\n\t<!-- Pagination -->\n \t<div class='ngg-clear'><\/div> \t\n<\/div>\n\n\n<div id=\"sgmbShare1-1\" class=\"sgmbShare jssocials-theme-classic sgmbWidget1-1\"><\/div><div class=\"dropdownWrapper dropdownWrapper1 dropdownWrapper-for-widget \" id=\"dropdownWrapper-for-widget\">\r\n\t\t\t\t\t\t<div class=\"dropdownLabel\" id=\"dropdownLabel-share-list\"><span class=\"sgmbButtonListLabel1\">Share List<\/span><\/div>\r\n\t\t\t\t\t\t<div class=\"dropdownPanel dropdownPanel1-1\">\r\n\t\t\t\t\t\t<\/div>\r\n\t\t\t\t\t<\/div><script>  SGMB_URL = \"http:\/\/www.leold2.com\/site\/wp-content\/plugins\/social-media-builder\/\"; jQuery(\".dropdownWrapper\").hide(); SGMB_GOOGLE_ACOUNT = \"\"; <\/script><script type=\"text\/javascript\">\r\n\t\tjQuery(document).ready(function($){var widget = new SGMBWidget();widget.show({\"id\":\"1\",\"title\":\"Principal\",\"options\":{\"currentUrl\":\"1\",\"url\":\"\",\"fontSize\":\"12\",\"theme\":\"classic\",\"buttonsPosition\":\"\",\"socialTheme\":\"\",\"icon\":\"default\",\"buttonsPanelEffect\":\"bounce\",\"buttonsEffect\":\"No Effect\",\"iconsEffect\":\"flip\",\"buttons\":\"{\\\"facebook\\\":{\\\"label\\\":\\\"Compartilhar\\\",\\\"icon\\\":\\\"default-facebook\\\"},\\\"twitter\\\":{\\\"label\\\":\\\"Tweet\\\",\\\"icon\\\":\\\"default-twitter\\\",\\\"via\\\":\\\"\\\",\\\"hashtags\\\":\\\"#leoclub\\\"},\\\"googleplus\\\":{\\\"label\\\":\\\"+1\\\",\\\"icon\\\":\\\"default-googleplus\\\"},\\\"linkedin\\\":{\\\"label\\\":\\\"Compartilhar\\\",\\\"icon\\\":\\\"default-linkedin\\\"},\\\"email\\\":{\\\"label\\\":\\\"e-mail\\\",\\\"icon\\\":\\\"default-email\\\"}}\",\"roundButton\":\"\",\"showLabels\":\"\",\"showCounts\":\"\",\"showButtonsAsList\":\"\",\"setButtonsPosition\":\"\",\"sgmbDropdownColor\":\"\",\"sgmbDropdownLabelFontSize\":\"14\",\"sgmbDropdownLabelColor\":\"\",\"showButtonsOnEveryPost\":\"\",\"sgmbPostionOnEveryPost\":\"Left\",\"textOnEveryPost\":\"ola\",\"showButtonsOnMobileDirect\":\"on\"},\"buttonOptions\":{\"facebook\":{\"label\":\"Compartilhar\",\"icon\":\"default-facebook\"},\"twitter\":{\"label\":\"Tweet\",\"icon\":\"default-twitter\",\"via\":\"\",\"hashtags\":\"#leoclub\"},\"googleplus\":{\"label\":\"+1\",\"icon\":\"default-googleplus\"},\"linkedin\":{\"label\":\"Compartilhar\",\"icon\":\"default-linkedin\"},\"email\":{\"label\":\"e-mail\",\"icon\":\"default-email\"}},\"button\":[\"facebook\",\"twitter\",\"googleplus\",\"linkedin\",\"email\"]}, 1, '', 'http:\/\/www.leold2.com\/site\/wp-content\/plugins\/social-media-builder\/\/img\/no-image.png', '', 'http:\/\/www.leold2.com\/site\/eventos\/acampaleo\/'); });<\/script>\n","protected":false},"excerpt":{"rendered":"<p>Como o pr\u00f3prio nome sugere, \u00e9 o acampamento do LEO, outros dos eventos oficiais do Distrito LEO LD-2, e tem como objetivo a integra\u00e7\u00e3o entre companheiros e clubes por meio de gincanas e din\u00e2micas em grupo. Tudo claro, em meio a natureza. O evento acaba por trazer um fortalecimento dos la\u00e7os de companheirismo e amizade <a href=\"http:\/\/www.leold2.com\/site\/eventos\/acampaleo\/\" rel=\"nofollow\"><span class=\"sr-only\">Read more about Acampa LEO<\/span>[&hellip;]<\/a><\/p>\n","protected":false},"author":1,"featured_media":0,"parent":528,"menu_order":0,"comment_status":"closed","ping_status":"closed","template":"template-fullwidth.php","meta":{"_mi_skip_tracking":false,"ngg_post_thumbnail":0},"_links":{"self":[{"href":"http:\/\/www.leold2.com\/site\/wp-json\/wp\/v2\/pages\/5676"}],"collection":[{"href":"http:\/\/www.leold2.com\/site\/wp-json\/wp\/v2\/pages"}],"about":[{"href":"http:\/\/www.leold2.com\/site\/wp-json\/wp\/v2\/types\/page"}],"author":[{"embeddable":true,"href":"http:\/\/www.leold2.com\/site\/wp-json\/wp\/v2\/users\/1"}],"replies":[{"embeddable":true,"href":"http:\/\/www.leold2.com\/site\/wp-json\/wp\/v2\/comments?post=5676"}],"version-history":[{"count":13,"href":"http:\/\/www.leold2.com\/site\/wp-json\/wp\/v2\/pages\/5676\/revisions"}],"predecessor-version":[{"id":5741,"href":"http:\/\/www.leold2.com\/site\/wp-json\/wp\/v2\/pages\/5676\/revisions\/5741"}],"up":[{"embeddable":true,"href":"http:\/\/www.leold2.com\/site\/wp-json\/wp\/v2\/pages\/528"}],"wp:attachment":[{"href":"http:\/\/www.leold2.com\/site\/wp-json\/wp\/v2\/media?parent=5676"}],"curies":[{"name":"wp","href":"https:\/\/api.w.org\/{rel}","templated":true}]}}