{"id":46,"date":"2013-07-12T15:49:17","date_gmt":"2013-07-12T18:49:17","guid":{"rendered":"http:\/\/leold2.com\/site\/?page_id=46"},"modified":"2016-04-12T02:51:15","modified_gmt":"2016-04-12T05:51:15","slug":"o-que-e-o-leo","status":"publish","type":"page","link":"http:\/\/www.leold2.com\/site\/o-que-e-o-leo\/","title":{"rendered":"O que \u00e9 o LEO"},"content":{"rendered":"<p><iframe loading=\"lazy\" width=\"480\" height=\"360\" src=\"https:\/\/www.youtube.com\/embed\/TCKRY-GW17Q?rel=0\" frameborder=\"0\" allowfullscreen><\/iframe><\/p>\n<div id=\"sgmbShare1-1\" class=\"sgmbShare jssocials-theme-classic sgmbWidget1-1\"><\/div><div class=\"dropdownWrapper dropdownWrapper1 dropdownWrapper-for-widget \" id=\"dropdownWrapper-for-widget\">\r\n\t\t\t\t\t\t<div class=\"dropdownLabel\" id=\"dropdownLabel-share-list\"><span class=\"sgmbButtonListLabel1\">Share List<\/span><\/div>\r\n\t\t\t\t\t\t<div class=\"dropdownPanel dropdownPanel1-1\">\r\n\t\t\t\t\t\t<\/div>\r\n\t\t\t\t\t<\/div><script>  SGMB_URL = \"http:\/\/www.leold2.com\/site\/wp-content\/plugins\/social-media-builder\/\"; jQuery(\".dropdownWrapper\").hide(); SGMB_GOOGLE_ACOUNT = \"\"; <\/script><script type=\"text\/javascript\">\r\n\t\tjQuery(document).ready(function($){var widget = new SGMBWidget();widget.show({\"id\":\"1\",\"title\":\"Principal\",\"options\":{\"currentUrl\":\"1\",\"url\":\"\",\"fontSize\":\"12\",\"theme\":\"classic\",\"buttonsPosition\":\"\",\"socialTheme\":\"\",\"icon\":\"default\",\"buttonsPanelEffect\":\"bounce\",\"buttonsEffect\":\"No Effect\",\"iconsEffect\":\"flip\",\"buttons\":\"{\\\"facebook\\\":{\\\"label\\\":\\\"Compartilhar\\\",\\\"icon\\\":\\\"default-facebook\\\"},\\\"twitter\\\":{\\\"label\\\":\\\"Tweet\\\",\\\"icon\\\":\\\"default-twitter\\\",\\\"via\\\":\\\"\\\",\\\"hashtags\\\":\\\"#leoclub\\\"},\\\"googleplus\\\":{\\\"label\\\":\\\"+1\\\",\\\"icon\\\":\\\"default-googleplus\\\"},\\\"linkedin\\\":{\\\"label\\\":\\\"Compartilhar\\\",\\\"icon\\\":\\\"default-linkedin\\\"},\\\"email\\\":{\\\"label\\\":\\\"e-mail\\\",\\\"icon\\\":\\\"default-email\\\"}}\",\"roundButton\":\"\",\"showLabels\":\"\",\"showCounts\":\"\",\"showButtonsAsList\":\"\",\"setButtonsPosition\":\"\",\"sgmbDropdownColor\":\"\",\"sgmbDropdownLabelFontSize\":\"14\",\"sgmbDropdownLabelColor\":\"\",\"showButtonsOnEveryPost\":\"\",\"sgmbPostionOnEveryPost\":\"Left\",\"textOnEveryPost\":\"ola\",\"showButtonsOnMobileDirect\":\"on\"},\"buttonOptions\":{\"facebook\":{\"label\":\"Compartilhar\",\"icon\":\"default-facebook\"},\"twitter\":{\"label\":\"Tweet\",\"icon\":\"default-twitter\",\"via\":\"\",\"hashtags\":\"#leoclub\"},\"googleplus\":{\"label\":\"+1\",\"icon\":\"default-googleplus\"},\"linkedin\":{\"label\":\"Compartilhar\",\"icon\":\"default-linkedin\"},\"email\":{\"label\":\"e-mail\",\"icon\":\"default-email\"}},\"button\":[\"facebook\",\"twitter\",\"googleplus\",\"linkedin\",\"email\"]}, 1, '', 'http:\/\/www.leold2.com\/site\/wp-content\/plugins\/social-media-builder\/\/img\/no-image.png', '', 'http:\/\/www.leold2.com\/site\/o-que-e-o-leo\/'); });<\/script>\n<div id=\"content\" class=\"mw-body\" role=\"main\">\n\t\t\t<a id=\"top\"><\/a><\/p>\n<div id=\"mw-js-message\" style=\"display:none;\"><\/div>\n<div id=\"siteNotice\">\n<div id=\"centralNotice\"><\/div>\n<p><!-- CentralNotice --><\/div>\n<h1 id=\"firstHeading\" class=\"firstHeading\" lang=\"pt\"><span dir=\"auto\">LEO Clubes<\/span><\/h1>\n<div id=\"bodyContent\">\n<div id=\"siteSub\">Origem: Wikip\u00e9dia, a enciclop\u00e9dia livre.<\/div>\n<div id=\"contentSub\"><\/div>\n<div id=\"jump-to-nav\" class=\"mw-jump\">\n\t\t\t\t<\/div>\n<div id=\"mw-content-text\" lang=\"pt\" dir=\"ltr\" class=\"mw-content-ltr\">\n<p><b>LEO Clubes<\/b> s\u00e3o um grupo de servi\u00e7o volunt\u00e1rio juvenil, patrocinados por <a target=\"_blank\" href=\"http:\/\/pt.wikipedia.org\/wiki\/Lions_Clubes\" title=\"Lions Clubes\" class=\"mw-redirect\">Lions Clubes<\/a> locais, sob a \u00e9gide de <a target=\"_blank\" href=\"http:\/\/www.wikipedia.org\/wiki\/Lions_Clubs_International\" title=\"Lions Clubs International\">Lions Clubs International<\/a>, sendo compostos por jovens com faixa et\u00e1ria de 12 a 30 anos.<\/p>\n<p>S\u00e3o Clubes que existem em mais de 139 pa\u00edses do mundo e realizam atividades em prol da cultura, cidadania e outras mais, ampliando seus conhecimentos e horizontes atrav\u00e9s da dedica\u00e7\u00e3o ao servi\u00e7o filantr\u00f3pico, reunindo atualmente mais de 144 mil jovens.<\/p>\n<p>Os LEO Clubes oferecem tamb\u00e9m, oportunidades para um melhor desenvolvimento pessoal, por meio de novas amizades e obtendo uma melhor compreens\u00e3o humana. Em vez de apenas desejar que o mundo seja um lugar melhor para se viver, os componentes dos LEO Clubes trabalham para alcan\u00e7ar esse objetivo. Estes clubes possuem suas diretorias que, por elei\u00e7\u00f5es, se renovam a cada AL, sigla que representa &#8220;Ano LEO\u00edstico&#8221;, per\u00edodo que vai de 1\u00ba de julho at\u00e9 30 de junho do seguinte ano. Exemplo: O AL 2010\/2011 iniciou-se no dia 1\u00ba de julho de 2010 e terminar\u00e1 no dia 30 de junho de 2011. Os associados se denominam &#8220;companheiros&#8221; e todos usam na lapela um distintivo com o emblema oficial dos LEO Clubes.<\/p>\n<p>O movimento LEO no Brasil conta com cerca de 13 mil associados, espalhados em mais de 400 LEO Clubes. Estes jovens atuam nos quatro Distritos M\u00faltiplos (LA, LB, LC e LD).<\/p>\n<div id=\"toc\" class=\"toc\">\n<div id=\"toctitle\">\n<h2>\u00cdndice<\/h2>\n<\/div>\n<ul>\n<li class=\"toclevel-1 tocsection-1\"><a href=\"#A_Hist.C3.B3ria\"><span class=\"tocnumber\">1<\/span> <span class=\"toctext\">A Hist\u00f3ria<\/span><\/a><\/li>\n<li class=\"toclevel-1 tocsection-2\"><a href=\"#Nome\"><span class=\"tocnumber\">2<\/span> <span class=\"toctext\">Nome<\/span><\/a><\/li>\n<li class=\"toclevel-1 tocsection-3\"><a href=\"#Divis.C3.B5es\"><span class=\"tocnumber\">3<\/span> <span class=\"toctext\">Divis\u00f5es<\/span><\/a>\n<ul>\n<li class=\"toclevel-2 tocsection-4\"><a href=\"#Distrito_M.C3.BAltiplo\"><span class=\"tocnumber\">3.1<\/span> <span class=\"toctext\">Distrito M\u00faltiplo<\/span><\/a><\/li>\n<li class=\"toclevel-2 tocsection-5\"><a href=\"#Distrito\"><span class=\"tocnumber\">3.2<\/span> <span class=\"toctext\">Distrito<\/span><\/a><\/li>\n<\/ul>\n<\/li>\n<li class=\"toclevel-1 tocsection-6\"><a href=\"#Objetivos_do_LEO_Clube\"><span class=\"tocnumber\">4<\/span> <span class=\"toctext\">Objetivos do LEO Clube<\/span><\/a><\/li>\n<li class=\"toclevel-1 tocsection-7\"><a href=\"#Prop.C3.B3sitos_do_LEO_Clube\"><span class=\"tocnumber\">5<\/span> <span class=\"toctext\">Prop\u00f3sitos do LEO Clube<\/span><\/a><\/li>\n<li class=\"toclevel-1 tocsection-8\"><a href=\"#Liga.C3.A7.C3.B5es_externas\"><span class=\"tocnumber\">6<\/span> <span class=\"toctext\">Liga\u00e7\u00f5es externas<\/span><\/a><\/li>\n<\/ul>\n<\/div>\n<h2><span class=\"mw-headline\" id=\"A_Hist.C3.B3ria\">A Hist\u00f3ria<\/span><\/h2>\n<p>H\u00e1 quase 60 anos, o treinador Jim Graver deu in\u00edcio ao jogo. Muito provavelmente era um jogo de baseball.<\/p>\n<p>Em 1957, Graver era o treinador do time de baseball da Abington High School, Pensilv\u00e2nia, EUA. Era tamb\u00e9m um s\u00f3cio ativo do Lions Clube de Glenside, Pensilv\u00e2nia.<\/p>\n<p>Juntamente com seu companheiro Le\u00e3o, William Ernst, Graver falava em iniciar um clube de servi\u00e7os para estudantes do gin\u00e1sio. Atribui-se a Ernst a declara\u00e7\u00e3o em um artigo do jornal &#8220;The Evening Bulletin&#8221;, em 7 de outubro de 1976, de que &#8220;Os Kiwanians tinham seus Key Clubs e os Rotarianos tinham seu Wheel Club (depois mudado para Interact Clubs)&#8221;.<\/p>\n<p>Eles ent\u00e3o pediram apoio a seus companheiros Le\u00f5es. Sem hesitar, o Lions de Glenside concordou que um grupo de jovens Le\u00f5es seria uma boa id\u00e9ia. Graver e Ernst come\u00e7aram a trabalhar.<\/p>\n<p>&#8220;Precisamos de um n\u00facleo, um grupo de crian\u00e7as com o qual come\u00e7ar&#8221;, disse Ernst. &#8220;Assim, fizemos com que o filho de Jim viesse \u00e0 primeira reuni\u00e3o, acompanhado de todo o seu time de baseball&#8221;. Nove meninos do segundo ano, calouros e veteranos, se juntaram ao grupo de 26 jogadores de baseball.<\/p>\n<p>Juntos, os 35 adolescentes formaram um clube. Em 5 de dezembro de 1957, o Lions de Glenside concedeu uma carta constitutiva ao LEO Clube da Abington High School.<\/p>\n<p>Como o primeiro LEO clube do mundo, o grupo criou o acr\u00f4nimo LEO &#8211; Lideran\u00e7a, Igualdade (mais tarde alterado para Experi\u00eancia), Oportunidade. E o grupo escolheu as cores bord\u00f4 e dourado (as cores de sua escola) como as cores do LEO clube.<\/p>\n<p>Os CC.LEO de Abington representavam uma id\u00e9ia isolada at\u00e9 1963. Naquele ano, um LEO clube foi formado na Tamaqua Area High School, na Pensilv\u00e2nia. Logo em seguida, um ex-Le\u00e3o da Filad\u00e9lfia formou um LEO Clube em Nova Iorque. Em 1964, havia 27 LEO clubes na Pensilv\u00e2nia e um em Nova Iorque.<\/p>\n<p>Em outubro de 1967, a diretoria internacional do Lions Clubs International adotou o Programa LEO Clube como programa oficial da associa\u00e7\u00e3o. Aberto a ambos os sexos, o objetivo do Programa LEO Clube era, e ainda \u00e9:<\/p>\n<p>&#8220;\u2026oferecer aos jovens do mundo uma oportunidade de desenvolvimento e contribui\u00e7\u00e3o, individual e coletiva, como membros respons\u00e1veis da comunidade local, nacional e internacional&#8221;.<\/p>\n<p>Em 1968, LEO clubes rec\u00e9m-formados come\u00e7aram a enviar \u00e0 sede internacional suas solicita\u00e7\u00f5es de certifica\u00e7\u00e3o. Em 17 de outubro de 1969, os formul\u00e1rios solicitando certifica\u00e7\u00e3o para o LEO Clube da Abington High School chegou \u00e0 sede. Nessa data, o primeiro LEO clube do mundo foi formalmente reconhecido como parte do Programa LEO Internacional. O LEO John Hebert, de Baederwood, Pensilv\u00e2nia, atuou como presidente do LEO Clube da Abington High School.<\/p>\n<p>Em abril de 2005, a Diretoria Internacional do Lions aprovou o projeto de servi\u00e7o internacional Aten\u00e7\u00e3o \u00e0s Crian\u00e7as para LEO Clubes.<\/p>\n<p>Os LEO Clubes s\u00e3o incentivados a desenvolver um projeto para crian\u00e7as em circunst\u00e2ncias adversas. Uma data ideal para implementar um projeto Aten\u00e7\u00e3o \u00e0s Crian\u00e7as \u00e9 5 de dezembro, o Dia Internacional do LEO.<\/p>\n<p>No Brasil, o primeiro LEO Clube fundado foi o LEO Clube Macei\u00f3-Lagoa, na cidade de Macei\u00f3\/AL, no dia 28 de agosto de 1969 e desde ent\u00e3o, esta data passou a ser o Dia Nacional do LEO\u00edsmo.<\/p>\n<p>Hoje, O Programa est\u00e1 mais forte do que nunca e o servi\u00e7o comunit\u00e1rio continua sendo a pedra fundamental do programa de LEO Clubes.<\/p>\n<h2><span class=\"mw-headline\" id=\"Nome\">Nome<\/span><\/h2>\n<dl>\n<dd><b>L<\/b>ideran\u00e7a<\/dd>\n<dd><b>E<\/b>xperi\u00eancia<\/dd>\n<dd><b>O<\/b>portunidade<\/dd>\n<\/dl>\n<h2><span class=\"mw-headline\" id=\"Divis.C3.B5es\">Divis\u00f5es<\/span><\/h2>\n<h3><span class=\"mw-headline\" id=\"Distrito_M.C3.BAltiplo\">Distrito M\u00faltiplo<\/span><\/h3>\n<p>Territ\u00f3rio constituido por dois ou mais Distritos. No caso do Brasil temos quatro Distritos M\u00faltiplos (LA, LB, LC e LD). O Distrito M\u00faltiplo LEO segue os mesmos limites o Distrito M\u00faltiplo de Lions correspondente.<\/p>\n<p>O Distrito M\u00faltiplo de Lions \u00e9 administrado por um Presidente do CG (Conselho de Governadores), e o Distrito M\u00faltiplo LEO \u00e9 administrado por um Presidente do DM (Distrito M\u00faltiplo).<\/p>\n<h3><span class=\"mw-headline\" id=\"Distrito\">Distrito<\/span><\/h3>\n<p>Subdivis\u00f5es de Distritos M\u00faltiplos. Territ\u00f3rio determinado, dentro do qual se agrupa um n\u00famero de clubes, com fins administrativos. O Distrito LEO segue os mesmos limites do Distrito de Lions correspondente. Um Distrito LEO \u00e9 formado por pelo menos seis LEO Clubes constitu\u00eddos, ou seja, com Certificado de Organiza\u00e7\u00e3o emitido por Lions Clubes Internacional.<\/p>\n<p>O Distrito de Lions \u00e9 administrado por um Governador de Distrito, e o Distrito LEO \u00e9 administrado por um Presidente de Distrito.<\/p>\n<ul>\n<li>O Distrito M\u00faltiplo LEO LA est\u00e1 subdividido nos Distritos: LA-1, LA-2 (Bahia), LA-3, LA-4 (Cear\u00e1), LA-5 e LA-6, compreendendo as Regi\u00f5es Nordeste e Norte (exceto Tocantins)<\/li>\n<li>O Distrito M\u00faltiplo LEO LB est\u00e1 subdividido nos Distritos LB-1, LB-2,LB-3, e LB-4, compreendendo a Regi\u00e3o Centro-Oeste al\u00e9m de Tocantins, Distrito Federal e parte de Minas Gerais, de S\u00e3o Paulo e Mato Grosso do Sul.<\/li>\n<li>O Distrito M\u00faltiplo LEO LC est\u00e1 subdividido nos Distritos: LC-1, LC-2, LC-3, LC-4, LC-5, LC-6, LC-8, LC-11 e LC-12. Com o Redistritamento ocorrido em julho de 2004, os Distritos LC-7, LC-9 E LC-10 se fundiram para formar um \u00fanico Distrito o LC-12. compreedendo a Regi\u00e3o Sudeste (exceto parte de Minas Gerais, de S\u00e3o Paulo e Mato Grosso do Sul).<\/li>\n<li>O Distrito M\u00faltiplo LEO LD est\u00e1 subdividido nos Distritos: LD-1, LD-2, LD-3, LD-4, LD-5, LD-6, LD-7, LD-8 e LD-9, compreendendo a Regi\u00e3o Sul (Rio Grande do Sul, Santa Catarina e Paran\u00e1).<\/li>\n<\/ul>\n<h2><span class=\"mw-headline\" id=\"Objetivos_do_LEO_Clube\">Objetivos do LEO Clube<\/span><\/h2>\n<p>O LEO Clube tem como objetivo promover atividades de servi\u00e7o entre a juventude da comunidade tendo, como conseq\u00fc\u00eancia, o desenvolvimento das qualidades individuais de Lideran\u00e7a, Experi\u00eancia e Oportunidade. Busca, ainda, unir os s\u00f3cios pelos la\u00e7os de amizade, companheirismo e compreens\u00e3o m\u00fatua.<\/p>\n<h2><span class=\"mw-headline\" id=\"Prop.C3.B3sitos_do_LEO_Clube\">Prop\u00f3sitos do LEO Clube<\/span><\/h2>\n<ul>\n<li>Oferecer \u00e0 juventude do mundo uma oportunidade para contribuir individual e coletivamente, com as comunidades local, nacional e internacional, e para desenvolver-se como membros respons\u00e1veis dessas entidades.<\/li>\n<li>Promover entre os s\u00f3cios a ado\u00e7\u00e3o de altos princ\u00edpios de \u00e9tica.<\/li>\n<li>Desenvolver qualidades de lideran\u00e7a.<\/li>\n<li>Dar ao s\u00f3cio a experi\u00eancia de servi\u00e7o comunit\u00e1rio.<\/li>\n<li>Promover a compreens\u00e3o internacional.<\/li>\n<li>Al\u00e9m de ser a \u00fanica maneira em que a sociedade n\u00e3o julga como forma de ganhar dinheiro com movimentos comunit\u00e1rios<\/li>\n<\/ul>\n<h2><span class=\"mw-headline\" id=\"Liga.C3.A7.C3.B5es_externas\">Liga\u00e7\u00f5es externas<\/span><\/h2>\n<ul>\n<li><a rel=\"nofollow\" class=\"external text\" target=\"_blank\" href=\"http:\/\/www.lionsclubs.org\/PO\/content\/youth_leo_clubs.shtml\">LEOZONE<\/a> (em ingl\u00eas)<\/li>\n<li><a rel=\"nofollow\" class=\"external text\" target=\"_blank\" href=\"http:\/\/www.leoclubes.com.br\">LEONET<\/a> (em portugu\u00eas)<\/li>\n<li><a rel=\"nofollow\" class=\"external text\" target=\"_blank\" href=\"http:\/\/www.lionsclubs.org\/PO\/index.shtml\">Lions Clube<\/a> (em ingl\u00eas)<\/li>\n<li><a rel=\"nofollow\" class=\"external text\" target=\"_blank\" href=\"http:\/\/www.leoclube.org.br\">LEO Clube<\/a> (em portugu\u00eas)<\/li>\n<li><a rel=\"nofollow\" class=\"external text\" target=\"_blank\" href=\"http:\/\/www.leosauniversitario.com.br\/\">LEO Clube Santo \u00c2ngelo Universit\u00e1rio<\/a> (em portugu\u00eas)<\/li>\n<\/ul>\n<p><noscript>&lt;img src=&#8221;\/\/pt.wikipedia.org\/w\/index.php?title=Especial:CentralAutoLogin\/start&amp;amp;type=1&#215;1&#8243; alt=&#8221;&#8221; title=&#8221;&#8221; width=&#8221;1&#8243; height=&#8221;1&#8243; style=&#8221;border: none; position: absolute;&#8221; \/&gt;<\/noscript>\n<\/div>\n<div class=\"printfooter\">\n\t\t\t\tObtida de &#8220;<a target=\"_blank\" href=\"http:\/\/pt.wikipedia.org\/w\/index.php?title=LEO_Clubes&amp;oldid=36745749\">http:\/\/pt.wikipedia.org\/w\/index.php?title=LEO_Clubes&amp;oldid=36745749<\/a>&#8221;\t\t\t\t<\/div>\n<div id=\"catlinks\" class=\"catlinks\">\n<div id=\"mw-normal-catlinks\" class=\"mw-normal-catlinks\"><a target=\"_blank\" href=\"http:\/\/www.wikipedia.org\/wiki\/Especial:Categorias\" title=\"Especial:Categorias\">Categorias<\/a>: <\/p>\n<ul>\n<li><a target=\"_blank\" href=\"http:\/\/www.wikipedia.org\/wiki\/Categoria:Organiza%C3%A7%C3%B5es_internacionais\" title=\"Categoria:Organiza\u00e7\u00f5es internacionais\">Organiza\u00e7\u00f5es internacionais<\/a><\/li>\n<li><a target=\"_blank\" href=\"http:\/\/www.wikipedia.org\/wiki\/Categoria:Institui%C3%A7%C3%B5es_sem_fins_lucrativos\" title=\"Categoria:Institui\u00e7\u00f5es sem fins lucrativos\">Institui\u00e7\u00f5es sem fins lucrativos<\/a><\/li>\n<\/ul>\n<\/div><\/div>\n<div class=\"visualClear\"><\/div>\n<\/p><\/div>\n<\/p><\/div>\n<div id=\"sgmbShare1-2\" class=\"sgmbShare jssocials-theme-classic sgmbWidget1-2\"><\/div><div class=\"dropdownWrapper dropdownWrapper1 dropdownWrapper-for-widget \" id=\"dropdownWrapper-for-widget\">\r\n\t\t\t\t\t\t<div class=\"dropdownLabel\" id=\"dropdownLabel-share-list\"><span class=\"sgmbButtonListLabel1\">Share List<\/span><\/div>\r\n\t\t\t\t\t\t<div class=\"dropdownPanel dropdownPanel1-2\">\r\n\t\t\t\t\t\t<\/div>\r\n\t\t\t\t\t<\/div><script>  SGMB_URL = \"http:\/\/www.leold2.com\/site\/wp-content\/plugins\/social-media-builder\/\"; jQuery(\".dropdownWrapper\").hide(); SGMB_GOOGLE_ACOUNT = \"\"; <\/script><script type=\"text\/javascript\">\r\n\t\tjQuery(document).ready(function($){var widget = new SGMBWidget();widget.show({\"id\":\"1\",\"title\":\"Principal\",\"options\":{\"currentUrl\":\"1\",\"url\":\"\",\"fontSize\":\"12\",\"theme\":\"classic\",\"buttonsPosition\":\"\",\"socialTheme\":\"\",\"icon\":\"default\",\"buttonsPanelEffect\":\"bounce\",\"buttonsEffect\":\"No Effect\",\"iconsEffect\":\"flip\",\"buttons\":\"{\\\"facebook\\\":{\\\"label\\\":\\\"Compartilhar\\\",\\\"icon\\\":\\\"default-facebook\\\"},\\\"twitter\\\":{\\\"label\\\":\\\"Tweet\\\",\\\"icon\\\":\\\"default-twitter\\\",\\\"via\\\":\\\"\\\",\\\"hashtags\\\":\\\"#leoclub\\\"},\\\"googleplus\\\":{\\\"label\\\":\\\"+1\\\",\\\"icon\\\":\\\"default-googleplus\\\"},\\\"linkedin\\\":{\\\"label\\\":\\\"Compartilhar\\\",\\\"icon\\\":\\\"default-linkedin\\\"},\\\"email\\\":{\\\"label\\\":\\\"e-mail\\\",\\\"icon\\\":\\\"default-email\\\"}}\",\"roundButton\":\"\",\"showLabels\":\"\",\"showCounts\":\"\",\"showButtonsAsList\":\"\",\"setButtonsPosition\":\"\",\"sgmbDropdownColor\":\"\",\"sgmbDropdownLabelFontSize\":\"14\",\"sgmbDropdownLabelColor\":\"\",\"showButtonsOnEveryPost\":\"\",\"sgmbPostionOnEveryPost\":\"Left\",\"textOnEveryPost\":\"ola\",\"showButtonsOnMobileDirect\":\"on\"},\"buttonOptions\":{\"facebook\":{\"label\":\"Compartilhar\",\"icon\":\"default-facebook\"},\"twitter\":{\"label\":\"Tweet\",\"icon\":\"default-twitter\",\"via\":\"\",\"hashtags\":\"#leoclub\"},\"googleplus\":{\"label\":\"+1\",\"icon\":\"default-googleplus\"},\"linkedin\":{\"label\":\"Compartilhar\",\"icon\":\"default-linkedin\"},\"email\":{\"label\":\"e-mail\",\"icon\":\"default-email\"}},\"button\":[\"facebook\",\"twitter\",\"googleplus\",\"linkedin\",\"email\"]}, 2, '', 'http:\/\/www.leold2.com\/site\/wp-content\/plugins\/social-media-builder\/\/img\/no-image.png', '', 'http:\/\/www.leold2.com\/site\/o-que-e-o-leo\/'); });<\/script>\n","protected":false},"excerpt":{"rendered":"<p>LEO Clubes Origem: Wikip\u00e9dia, a enciclop\u00e9dia livre. LEO Clubes s\u00e3o um grupo de servi\u00e7o volunt\u00e1rio juvenil, patrocinados por Lions Clubes locais, sob a \u00e9gide de Lions Clubs International, sendo compostos por jovens com faixa et\u00e1ria de 12 a 30 anos. S\u00e3o Clubes que existem em mais de 139 pa\u00edses do mundo e realizam atividades em <a href=\"http:\/\/www.leold2.com\/site\/o-que-e-o-leo\/\" rel=\"nofollow\"><span class=\"sr-only\">Read more about O que \u00e9 o LEO<\/span>[&hellip;]<\/a><\/p>\n","protected":false},"author":1,"featured_media":0,"parent":0,"menu_order":0,"comment_status":"closed","ping_status":"closed","template":"template-fullwidth.php","meta":{"_mi_skip_tracking":false,"ngg_post_thumbnail":0},"_links":{"self":[{"href":"http:\/\/www.leold2.com\/site\/wp-json\/wp\/v2\/pages\/46"}],"collection":[{"href":"http:\/\/www.leold2.com\/site\/wp-json\/wp\/v2\/pages"}],"about":[{"href":"http:\/\/www.leold2.com\/site\/wp-json\/wp\/v2\/types\/page"}],"author":[{"embeddable":true,"href":"http:\/\/www.leold2.com\/site\/wp-json\/wp\/v2\/users\/1"}],"replies":[{"embeddable":true,"href":"http:\/\/www.leold2.com\/site\/wp-json\/wp\/v2\/comments?post=46"}],"version-history":[{"count":11,"href":"http:\/\/www.leold2.com\/site\/wp-json\/wp\/v2\/pages\/46\/revisions"}],"predecessor-version":[{"id":575,"href":"http:\/\/www.leold2.com\/site\/wp-json\/wp\/v2\/pages\/46\/revisions\/575"}],"wp:attachment":[{"href":"http:\/\/www.leold2.com\/site\/wp-json\/wp\/v2\/media?parent=46"}],"curies":[{"name":"wp","href":"https:\/\/api.w.org\/{rel}","templated":true}]}}