{"id":12,"date":"2013-07-12T00:37:10","date_gmt":"2013-07-12T03:37:10","guid":{"rendered":"http:\/\/leold2.com\/site\/?page_id=12"},"modified":"2023-07-27T09:51:06","modified_gmt":"2023-07-27T12:51:06","slug":"contato","status":"publish","type":"page","link":"http:\/\/www.leold2.com\/site\/contato\/","title":{"rendered":"Contato"},"content":{"rendered":"<p>Para contatos gerais, como informa\u00e7\u00f5es de um clube mais pr\u00f3ximo de voc\u00ea ou outro motivo:<\/p>\n<ul>\n<li><a href=\"mailto:presidencia@leold2.com\">presidencia@leold2.com<\/a><\/li>\n<li><a href=\"mailto:secretaria@leold2.com\">secretaria@leold2.com<\/a><\/li>\n<li><a href=\"mailto:tesouraria@leold2.com\">tesouraria@leold2.com<\/a><\/li>\n<\/ul>\n<p>Para suporte, reportar algum problema no site ou em outra plataforma do D2:<\/p>\n<ul>\n<li><a href=\"mailto:suporte@leold2.com\">suporte@leold2.com<\/a><\/li>\n<\/ul>\n\n\n<p><\/p>\n","protected":false},"excerpt":{"rendered":"<p>Para contatos gerais, como informa\u00e7\u00f5es de um clube mais pr\u00f3ximo de voc\u00ea ou outro motivo: presidencia@leold2.com secretaria@leold2.com tesouraria@leold2.com Para suporte, reportar algum problema no site ou em outra plataforma do D2: suporte@leold2.com<\/p>\n","protected":false},"author":1,"featured_media":0,"parent":0,"menu_order":0,"comment_status":"closed","ping_status":"closed","template":"template-fullwidth.php","meta":{"_mi_skip_tracking":false,"ngg_post_thumbnail":0},"_links":{"self":[{"href":"http:\/\/www.leold2.com\/site\/wp-json\/wp\/v2\/pages\/12"}],"collection":[{"href":"http:\/\/www.leold2.com\/site\/wp-json\/wp\/v2\/pages"}],"about":[{"href":"http:\/\/www.leold2.com\/site\/wp-json\/wp\/v2\/types\/page"}],"author":[{"embeddable":true,"href":"http:\/\/www.leold2.com\/site\/wp-json\/wp\/v2\/users\/1"}],"replies":[{"embeddable":true,"href":"http:\/\/www.leold2.com\/site\/wp-json\/wp\/v2\/comments?post=12"}],"version-history":[{"count":6,"href":"http:\/\/www.leold2.com\/site\/wp-json\/wp\/v2\/pages\/12\/revisions"}],"predecessor-version":[{"id":7108,"href":"http:\/\/www.leold2.com\/site\/wp-json\/wp\/v2\/pages\/12\/revisions\/7108"}],"wp:attachment":[{"href":"http:\/\/www.leold2.com\/site\/wp-json\/wp\/v2\/media?parent=12"}],"curies":[{"name":"wp","href":"https:\/\/api.w.org\/{rel}","templated":true}]}}